{"id":1288,"date":"2024-02-25T19:34:51","date_gmt":"2024-02-25T19:34:51","guid":{"rendered":"https:\/\/josephine-boger.de\/?page_id=1288"},"modified":"2024-02-25T19:42:47","modified_gmt":"2024-02-25T19:42:47","slug":"hem-till-hem-leden","status":"publish","type":"page","link":"https:\/\/josephine-boger.de\/en\/hem-till-hem-leden\/","title":{"rendered":"Hem-till-hem Leden"},"content":{"rendered":"<div data-elementor-type=\"wp-page\" data-elementor-id=\"1288\" class=\"elementor elementor-1288\" data-elementor-post-type=\"page\">\n\t\t\t\t\t\t<section class=\"elementor-section elementor-top-section elementor-element elementor-element-fa02f64 elementor-section-boxed elementor-section-height-default elementor-section-height-default\" data-id=\"fa02f64\" data-element_type=\"section\" data-e-type=\"section\">\n\t\t\t\t\t\t<div class=\"elementor-container elementor-column-gap-default\">\n\t\t\t\t\t<div class=\"elementor-column elementor-col-100 elementor-top-column elementor-element elementor-element-1cdf6a7\" data-id=\"1cdf6a7\" data-element_type=\"column\" data-e-type=\"column\">\n\t\t\t<div class=\"elementor-widget-wrap elementor-element-populated\">\n\t\t\t\t\t\t<div class=\"elementor-element elementor-element-f40e490 elementor-widget elementor-widget-spacer\" data-id=\"f40e490\" data-element_type=\"widget\" data-e-type=\"widget\" data-widget_type=\"spacer.default\">\n\t\t\t\t<div class=\"elementor-widget-container\">\n\t\t\t\t\t\t\t<div class=\"elementor-spacer\">\n\t\t\t<div class=\"elementor-spacer-inner\"><\/div>\n\t\t<\/div>\n\t\t\t\t\t\t<\/div>\n\t\t\t\t<\/div>\n\t\t\t\t\t<\/div>\n\t\t<\/div>\n\t\t\t\t\t<\/div>\n\t\t<\/section>\n\t\t\t\t<section class=\"elementor-section elementor-top-section elementor-element elementor-element-a3439df elementor-section-boxed elementor-section-height-default elementor-section-height-default\" data-id=\"a3439df\" data-element_type=\"section\" data-e-type=\"section\">\n\t\t\t\t\t\t<div class=\"elementor-container elementor-column-gap-default\">\n\t\t\t\t\t<div class=\"elementor-column elementor-col-100 elementor-top-column elementor-element elementor-element-40ceced\" data-id=\"40ceced\" data-element_type=\"column\" data-e-type=\"column\">\n\t\t\t<div class=\"elementor-widget-wrap elementor-element-populated\">\n\t\t\t\t\t\t<div class=\"elementor-element elementor-element-f5418ea elementor-widget elementor-widget-heading\" data-id=\"f5418ea\" data-element_type=\"widget\" data-e-type=\"widget\" data-widget_type=\"heading.default\">\n\t\t\t\t<div class=\"elementor-widget-container\">\n\t\t\t\t\t<h2 class=\"elementor-heading-title elementor-size-default\">HEM-TILL-HEM LEDEN (2023)<\/h2>\t\t\t\t<\/div>\n\t\t\t\t<\/div>\n\t\t\t\t\t<\/div>\n\t\t<\/div>\n\t\t\t\t\t<\/div>\n\t\t<\/section>\n\t\t\t\t<section class=\"elementor-section elementor-top-section elementor-element elementor-element-e8cdcc1 elementor-section-boxed elementor-section-height-default elementor-section-height-default\" data-id=\"e8cdcc1\" data-element_type=\"section\" data-e-type=\"section\">\n\t\t\t\t\t\t<div class=\"elementor-container elementor-column-gap-default\">\n\t\t\t\t\t<div class=\"elementor-column elementor-col-100 elementor-top-column elementor-element elementor-element-d1aa9c2\" data-id=\"d1aa9c2\" data-element_type=\"column\" data-e-type=\"column\">\n\t\t\t<div class=\"elementor-widget-wrap elementor-element-populated\">\n\t\t\t\t\t\t<div class=\"elementor-element elementor-element-d4b5ce9 elementor-widget__width-initial elementor-widget elementor-widget-text-editor\" data-id=\"d4b5ce9\" data-element_type=\"widget\" data-e-type=\"widget\" data-widget_type=\"text-editor.default\">\n\t\t\t\t<div class=\"elementor-widget-container\">\n\t\t\t\t\t\t\t\t\t<p>In einem \u00fcberaus mobilen Zeitalter wie des jetzigen, in dem Strecken innerhalb eines Wimpernschlags zur\u00fcckgelegt werden k\u00f6nnen und in dem Heimat nicht mehr nur einer, sondern eine Vielzahl an Orten zugleich bedeuten kann, f\u00fchlt sich der privilegierte Erste-Welt-Mensch so verloren wie nie zuvor. Statistisch gesehen nehmen Einsamkeit und Depression in unserer Wohlstandsgesellschaft zu, was unweigerlich auf den st\u00e4dtischen Lebensstil und den \u00fcberm\u00e4\u00dfigen Gebrauch von technischen Ger\u00e4ten wie Smartphones, insbesondere die darauf permanent pr\u00e4senten Social Media zur\u00fcckzuf\u00fcren ist. Zugleich<br \/>werden die \u00c4ngste um unseren Lebensraum st\u00e4rker. Die Unsicherheit, wie lange unsere Heimat noch bewohnbar bleibt, nachdem wir selbst diese durch unserer aller R\u00fccksichtslosigkeit soweit zerst\u00f6rt haben, dass die totale Katastrophe nicht mehr vermeidbar ist, ist ein Werk an un\u00fcbertrefflicher Ironie. Sp\u00e4testens im Jahr 2020, als das bis dahin gut funktionierende Ger\u00fcst, das wir in unserer, von der eigentlichen Natur abgegrenzten Blase f\u00fcr unzerst\u00f6rbar hielten, einbrach, fand der ein oder andere etwas in dem, was so sehr zum Menschen geh\u00f6rt, wie die Natur selbst. Das Gehen. Schlie\u00dflich war fast jegliches Konsum-, wie auch Kulturangebot genommen, au\u00dfer der Raum zum Gehen.<br \/>Nicht nur die W\u00e4lder (vor allem nat\u00fcrlich in einem dicht besiedelten Ort wie Stuttgart) waren \u00fcberrannt von Menschen, die auf einmal feststellten, wie wohltuend es ist, in der Natur zu gehen, sondern auch die Form des politischen \u201eGehens\u201c nahm schlagartig zu.<br \/>Ungeachtet der politischen Richtung oder der Anliegen.<br \/>Das Gehen als scheinbare Antwort auf die gef\u00fchlte Hilfslosigkeit, als Empowerment.<br \/>Vielleicht genau deshalb, weil es so nat\u00fcrlich ist. Oder eben auch das Gehen, das uns unsere Umgebung erfahrbar machen l\u00e4sst, das die Verbindung zu dem kn\u00fcpft, was sich f\u00fcr uns nach Heimat anf\u00fchlt.<\/p><p>\u00a0<\/p>\t\t\t\t\t\t\t\t<\/div>\n\t\t\t\t<\/div>\n\t\t\t\t<div class=\"elementor-element elementor-element-8238cf9 elementor-widget elementor-widget-spacer\" data-id=\"8238cf9\" data-element_type=\"widget\" data-e-type=\"widget\" data-widget_type=\"spacer.default\">\n\t\t\t\t<div class=\"elementor-widget-container\">\n\t\t\t\t\t\t\t<div class=\"elementor-spacer\">\n\t\t\t<div class=\"elementor-spacer-inner\"><\/div>\n\t\t<\/div>\n\t\t\t\t\t\t<\/div>\n\t\t\t\t<\/div>\n\t\t\t\t<div class=\"elementor-element elementor-element-396fc05 elementor-widget elementor-widget-image\" data-id=\"396fc05\" data-element_type=\"widget\" data-e-type=\"widget\" data-widget_type=\"image.default\">\n\t\t\t\t<div class=\"elementor-widget-container\">\n\t\t\t\t\t\t\t\t\t\t\t\t\t\t\t<img fetchpriority=\"high\" decoding=\"async\" width=\"2560\" height=\"1707\" src=\"https:\/\/josephine-boger.de\/wp-content\/uploads\/2023\/11\/DSCF8978-2-scaled.jpg\" class=\"attachment-full size-full wp-image-1271\" alt=\"\" srcset=\"https:\/\/josephine-boger.de\/wp-content\/uploads\/2023\/11\/DSCF8978-2-scaled.jpg 2560w, https:\/\/josephine-boger.de\/wp-content\/uploads\/2023\/11\/DSCF8978-2-300x200.jpg 300w, https:\/\/josephine-boger.de\/wp-content\/uploads\/2023\/11\/DSCF8978-2-1024x683.jpg 1024w, https:\/\/josephine-boger.de\/wp-content\/uploads\/2023\/11\/DSCF8978-2-768x512.jpg 768w, https:\/\/josephine-boger.de\/wp-content\/uploads\/2023\/11\/DSCF8978-2-1536x1024.jpg 1536w, https:\/\/josephine-boger.de\/wp-content\/uploads\/2023\/11\/DSCF8978-2-2048x1365.jpg 2048w, https:\/\/josephine-boger.de\/wp-content\/uploads\/2023\/11\/DSCF8978-2-18x12.jpg 18w\" sizes=\"(max-width: 2560px) 100vw, 2560px\" \/>\t\t\t\t\t\t\t\t\t\t\t\t\t\t\t<\/div>\n\t\t\t\t<\/div>\n\t\t\t\t<div class=\"elementor-element elementor-element-525eaeb elementor-widget elementor-widget-spacer\" data-id=\"525eaeb\" data-element_type=\"widget\" data-e-type=\"widget\" data-widget_type=\"spacer.default\">\n\t\t\t\t<div class=\"elementor-widget-container\">\n\t\t\t\t\t\t\t<div class=\"elementor-spacer\">\n\t\t\t<div class=\"elementor-spacer-inner\"><\/div>\n\t\t<\/div>\n\t\t\t\t\t\t<\/div>\n\t\t\t\t<\/div>\n\t\t\t\t<div class=\"elementor-element elementor-element-30f5375 elementor-widget elementor-widget-text-editor\" data-id=\"30f5375\" data-element_type=\"widget\" data-e-type=\"widget\" data-widget_type=\"text-editor.default\">\n\t\t\t\t<div class=\"elementor-widget-container\">\n\t\t\t\t\t\t\t\t\t<p>Im Zuge des Fr\u00fchlingsauftaktes 2023 begab ich mich ab Mai, ausger\u00fcstet mit<br \/>zahlreichen Birkensamen, Kompass, Karte und Tarp, auf die bisher l\u00e4ngste Fernwanderung<br \/>meines Lebens. Mit einer Strecke von \u00fcber 1000 km f\u00fchrte sie von meiner Heimat in Stuttgart, Deutschland bis in meine neue Heimat Schweden.<br \/>Die zuvor noch nicht existierende Route wurde erst im Gehen definiert und abschlie\u00dfend in einem durch einzelne Koordinaten<br \/>nachvollziehbaren Wanderweg zusammengefasst. Sie bilden<br \/>abschlie\u00dfend den Hem-till-Hem Leden , was aus dem Schwedischen \u00fcbersetzt Heimat-zu-Heimat WegHeimat-Weg bedeutet.<\/p><p>Zeitgleich zu meiner Wanderung befand sich in der Stadtbibliothek Stuttgart Heslach eine begehbare Installation, welche aus mehreren Birkenst\u00e4mmen im Raum und einem auf einen Birkenstamm angebrachtes Smartphone mit integriertem Thermodrucker bestand.<br \/>Die Besucherin oder der Besucher waren dazu eingeladen, mich \u00fcber das ausgestellte Smartphone anzurufen. Wenn immer ich den Anruf<br \/>beantwortete, setzte ich als Akt eines symbolischen Zur\u00fcckgebens an die Natur, die f\u00fcr mich in der Wahl meiner Heimat die gr\u00f6\u00dfte Rolle spielt (und der Mangel desser mich zum Auswandern bewegt), an der Stelle, an der ich mich w\u00e4hrend des Anrufs befinde, einen Birkensamen.<br \/>Sobald der Samen gesetzt wurde, empfieng der Anrufende eine Nachricht auf dem installierten Smartphone, die lediglich die Koordinaten des soeben gesetzten Samens enthielt. Die \u201eQuittung\u201c mit den Koordinaten lief aus dem Thermodrucker heraus und wurde l\u00e4nger, je mehr Menschen einen erfolgreichen Anruf t\u00e4tigten.<\/p>\t\t\t\t\t\t\t\t<\/div>\n\t\t\t\t<\/div>\n\t\t\t\t<div class=\"elementor-element elementor-element-4a905c2 elementor-widget elementor-widget-spacer\" data-id=\"4a905c2\" data-element_type=\"widget\" data-e-type=\"widget\" data-widget_type=\"spacer.default\">\n\t\t\t\t<div class=\"elementor-widget-container\">\n\t\t\t\t\t\t\t<div class=\"elementor-spacer\">\n\t\t\t<div class=\"elementor-spacer-inner\"><\/div>\n\t\t<\/div>\n\t\t\t\t\t\t<\/div>\n\t\t\t\t<\/div>\n\t\t\t\t<div class=\"elementor-element elementor-element-b280b2e elementor-widget elementor-widget-image\" data-id=\"b280b2e\" data-element_type=\"widget\" data-e-type=\"widget\" data-widget_type=\"image.default\">\n\t\t\t\t<div class=\"elementor-widget-container\">\n\t\t\t\t\t\t\t\t\t\t\t\t\t\t\t<img decoding=\"async\" src=\"https:\/\/josephine-boger.de\/wp-content\/uploads\/2023\/11\/Installation-1-Portfolio-scaled.jpg\" title=\"Hem-till-Hem Leden (2023)\" alt=\"Hem-till-Hem Leden (2023)\" loading=\"lazy\" \/>\t\t\t\t\t\t\t\t\t\t\t\t\t\t\t<\/div>\n\t\t\t\t<\/div>\n\t\t\t\t<div class=\"elementor-element elementor-element-c0b529c elementor-widget elementor-widget-spacer\" data-id=\"c0b529c\" data-element_type=\"widget\" data-e-type=\"widget\" data-widget_type=\"spacer.default\">\n\t\t\t\t<div class=\"elementor-widget-container\">\n\t\t\t\t\t\t\t<div class=\"elementor-spacer\">\n\t\t\t<div class=\"elementor-spacer-inner\"><\/div>\n\t\t<\/div>\n\t\t\t\t\t\t<\/div>\n\t\t\t\t<\/div>\n\t\t\t\t<div class=\"elementor-element elementor-element-9813f03 elementor-widget elementor-widget-image\" data-id=\"9813f03\" data-element_type=\"widget\" data-e-type=\"widget\" data-widget_type=\"image.default\">\n\t\t\t\t<div class=\"elementor-widget-container\">\n\t\t\t\t\t\t\t\t\t\t\t\t\t\t\t<img decoding=\"async\" src=\"https:\/\/josephine-boger.de\/wp-content\/uploads\/2023\/11\/Installation-2-scaled.jpg\" title=\"Hem-till-Hem Leden (2023)\" alt=\"Hem-till-Hem Leden (2023)\" loading=\"lazy\" \/>\t\t\t\t\t\t\t\t\t\t\t\t\t\t\t<\/div>\n\t\t\t\t<\/div>\n\t\t\t\t<div class=\"elementor-element elementor-element-0e46f99 elementor-widget elementor-widget-heading\" data-id=\"0e46f99\" data-element_type=\"widget\" data-e-type=\"widget\" data-widget_type=\"heading.default\">\n\t\t\t\t<div class=\"elementor-widget-container\">\n\t\t\t\t\t<h2 class=\"elementor-heading-title elementor-size-default\">Ausstellungsansicht Stadtbibliothek Stuttgart Heslach<\/h2>\t\t\t\t<\/div>\n\t\t\t\t<\/div>\n\t\t\t\t<div class=\"elementor-element elementor-element-84aa370 elementor-widget elementor-widget-spacer\" data-id=\"84aa370\" data-element_type=\"widget\" data-e-type=\"widget\" data-widget_type=\"spacer.default\">\n\t\t\t\t<div class=\"elementor-widget-container\">\n\t\t\t\t\t\t\t<div class=\"elementor-spacer\">\n\t\t\t<div class=\"elementor-spacer-inner\"><\/div>\n\t\t<\/div>\n\t\t\t\t\t\t<\/div>\n\t\t\t\t<\/div>\n\t\t\t\t\t<\/div>\n\t\t<\/div>\n\t\t\t\t\t<\/div>\n\t\t<\/section>\n\t\t\t\t<section class=\"elementor-section elementor-top-section elementor-element elementor-element-672db0e elementor-section-boxed elementor-section-height-default elementor-section-height-default\" data-id=\"672db0e\" data-element_type=\"section\" data-e-type=\"section\">\n\t\t\t\t\t\t<div class=\"elementor-container elementor-column-gap-default\">\n\t\t\t\t\t<div class=\"elementor-column elementor-col-100 elementor-top-column elementor-element elementor-element-9010359\" data-id=\"9010359\" data-element_type=\"column\" data-e-type=\"column\">\n\t\t\t<div class=\"elementor-widget-wrap elementor-element-populated\">\n\t\t\t\t\t\t<div class=\"elementor-element elementor-element-8b918e4 elementor-widget elementor-widget-image\" data-id=\"8b918e4\" data-element_type=\"widget\" data-e-type=\"widget\" data-widget_type=\"image.default\">\n\t\t\t\t<div class=\"elementor-widget-container\">\n\t\t\t\t\t\t\t\t\t\t\t\t\t\t\t<img decoding=\"async\" width=\"2560\" height=\"1707\" src=\"https:\/\/josephine-boger.de\/wp-content\/uploads\/2024\/02\/DSCF8778-scaled.jpg\" class=\"attachment-full size-full wp-image-1290\" alt=\"\" srcset=\"https:\/\/josephine-boger.de\/wp-content\/uploads\/2024\/02\/DSCF8778-scaled.jpg 2560w, https:\/\/josephine-boger.de\/wp-content\/uploads\/2024\/02\/DSCF8778-300x200.jpg 300w, https:\/\/josephine-boger.de\/wp-content\/uploads\/2024\/02\/DSCF8778-1024x683.jpg 1024w, https:\/\/josephine-boger.de\/wp-content\/uploads\/2024\/02\/DSCF8778-768x512.jpg 768w, https:\/\/josephine-boger.de\/wp-content\/uploads\/2024\/02\/DSCF8778-1536x1024.jpg 1536w, https:\/\/josephine-boger.de\/wp-content\/uploads\/2024\/02\/DSCF8778-2048x1365.jpg 2048w, https:\/\/josephine-boger.de\/wp-content\/uploads\/2024\/02\/DSCF8778-18x12.jpg 18w\" sizes=\"(max-width: 2560px) 100vw, 2560px\" \/>\t\t\t\t\t\t\t\t\t\t\t\t\t\t\t<\/div>\n\t\t\t\t<\/div>\n\t\t\t\t<div class=\"elementor-element elementor-element-70c4c50 elementor-widget elementor-widget-spacer\" data-id=\"70c4c50\" data-element_type=\"widget\" data-e-type=\"widget\" data-widget_type=\"spacer.default\">\n\t\t\t\t<div class=\"elementor-widget-container\">\n\t\t\t\t\t\t\t<div class=\"elementor-spacer\">\n\t\t\t<div class=\"elementor-spacer-inner\"><\/div>\n\t\t<\/div>\n\t\t\t\t\t\t<\/div>\n\t\t\t\t<\/div>\n\t\t\t\t<div class=\"elementor-element elementor-element-8c7961d elementor-widget elementor-widget-image\" data-id=\"8c7961d\" data-element_type=\"widget\" data-e-type=\"widget\" data-widget_type=\"image.default\">\n\t\t\t\t<div class=\"elementor-widget-container\">\n\t\t\t\t\t\t\t\t\t\t\t\t\t\t\t<img decoding=\"async\" width=\"2560\" height=\"1707\" src=\"https:\/\/josephine-boger.de\/wp-content\/uploads\/2024\/02\/DSCF8786-scaled.jpg\" class=\"attachment-full size-full wp-image-1292\" alt=\"\" srcset=\"https:\/\/josephine-boger.de\/wp-content\/uploads\/2024\/02\/DSCF8786-scaled.jpg 2560w, https:\/\/josephine-boger.de\/wp-content\/uploads\/2024\/02\/DSCF8786-300x200.jpg 300w, https:\/\/josephine-boger.de\/wp-content\/uploads\/2024\/02\/DSCF8786-1024x683.jpg 1024w, https:\/\/josephine-boger.de\/wp-content\/uploads\/2024\/02\/DSCF8786-768x512.jpg 768w, https:\/\/josephine-boger.de\/wp-content\/uploads\/2024\/02\/DSCF8786-1536x1024.jpg 1536w, https:\/\/josephine-boger.de\/wp-content\/uploads\/2024\/02\/DSCF8786-2048x1365.jpg 2048w, https:\/\/josephine-boger.de\/wp-content\/uploads\/2024\/02\/DSCF8786-18x12.jpg 18w\" sizes=\"(max-width: 2560px) 100vw, 2560px\" \/>\t\t\t\t\t\t\t\t\t\t\t\t\t\t\t<\/div>\n\t\t\t\t<\/div>\n\t\t\t\t<div class=\"elementor-element elementor-element-19eecba elementor-widget elementor-widget-spacer\" data-id=\"19eecba\" data-element_type=\"widget\" data-e-type=\"widget\" data-widget_type=\"spacer.default\">\n\t\t\t\t<div class=\"elementor-widget-container\">\n\t\t\t\t\t\t\t<div class=\"elementor-spacer\">\n\t\t\t<div class=\"elementor-spacer-inner\"><\/div>\n\t\t<\/div>\n\t\t\t\t\t\t<\/div>\n\t\t\t\t<\/div>\n\t\t\t\t\t<\/div>\n\t\t<\/div>\n\t\t\t\t\t<\/div>\n\t\t<\/section>\n\t\t\t\t<section class=\"elementor-section elementor-top-section elementor-element elementor-element-4e73296 elementor-section-boxed elementor-section-height-default elementor-section-height-default\" data-id=\"4e73296\" data-element_type=\"section\" data-e-type=\"section\">\n\t\t\t\t\t\t<div class=\"elementor-container elementor-column-gap-default\">\n\t\t\t\t\t<div class=\"elementor-column elementor-col-100 elementor-top-column elementor-element elementor-element-6c079f8\" data-id=\"6c079f8\" data-element_type=\"column\" data-e-type=\"column\">\n\t\t\t<div class=\"elementor-widget-wrap elementor-element-populated\">\n\t\t\t\t\t\t<div class=\"elementor-element elementor-element-22a0c06 elementor-widget elementor-widget-image\" data-id=\"22a0c06\" data-element_type=\"widget\" data-e-type=\"widget\" data-widget_type=\"image.default\">\n\t\t\t\t<div class=\"elementor-widget-container\">\n\t\t\t\t\t\t\t\t\t\t\t\t\t\t\t<img loading=\"lazy\" decoding=\"async\" width=\"2560\" height=\"1707\" src=\"https:\/\/josephine-boger.de\/wp-content\/uploads\/2024\/02\/DSCF8796-scaled.jpg\" class=\"attachment-full size-full wp-image-1293\" alt=\"\" srcset=\"https:\/\/josephine-boger.de\/wp-content\/uploads\/2024\/02\/DSCF8796-scaled.jpg 2560w, https:\/\/josephine-boger.de\/wp-content\/uploads\/2024\/02\/DSCF8796-300x200.jpg 300w, https:\/\/josephine-boger.de\/wp-content\/uploads\/2024\/02\/DSCF8796-1024x683.jpg 1024w, https:\/\/josephine-boger.de\/wp-content\/uploads\/2024\/02\/DSCF8796-768x512.jpg 768w, https:\/\/josephine-boger.de\/wp-content\/uploads\/2024\/02\/DSCF8796-1536x1024.jpg 1536w, https:\/\/josephine-boger.de\/wp-content\/uploads\/2024\/02\/DSCF8796-2048x1365.jpg 2048w, https:\/\/josephine-boger.de\/wp-content\/uploads\/2024\/02\/DSCF8796-18x12.jpg 18w\" sizes=\"(max-width: 2560px) 100vw, 2560px\" \/>\t\t\t\t\t\t\t\t\t\t\t\t\t\t\t<\/div>\n\t\t\t\t<\/div>\n\t\t\t\t<div class=\"elementor-element elementor-element-1143a52 elementor-widget elementor-widget-spacer\" data-id=\"1143a52\" data-element_type=\"widget\" data-e-type=\"widget\" data-widget_type=\"spacer.default\">\n\t\t\t\t<div class=\"elementor-widget-container\">\n\t\t\t\t\t\t\t<div class=\"elementor-spacer\">\n\t\t\t<div class=\"elementor-spacer-inner\"><\/div>\n\t\t<\/div>\n\t\t\t\t\t\t<\/div>\n\t\t\t\t<\/div>\n\t\t\t\t<div class=\"elementor-element elementor-element-b2dc150 elementor-widget elementor-widget-image\" data-id=\"b2dc150\" data-element_type=\"widget\" data-e-type=\"widget\" data-widget_type=\"image.default\">\n\t\t\t\t<div class=\"elementor-widget-container\">\n\t\t\t\t\t\t\t\t\t\t\t\t\t\t\t<img loading=\"lazy\" decoding=\"async\" width=\"2560\" height=\"1707\" src=\"https:\/\/josephine-boger.de\/wp-content\/uploads\/2024\/02\/DSCF8801-scaled.jpg\" class=\"attachment-full size-full wp-image-1294\" alt=\"\" srcset=\"https:\/\/josephine-boger.de\/wp-content\/uploads\/2024\/02\/DSCF8801-scaled.jpg 2560w, https:\/\/josephine-boger.de\/wp-content\/uploads\/2024\/02\/DSCF8801-300x200.jpg 300w, https:\/\/josephine-boger.de\/wp-content\/uploads\/2024\/02\/DSCF8801-1024x683.jpg 1024w, https:\/\/josephine-boger.de\/wp-content\/uploads\/2024\/02\/DSCF8801-768x512.jpg 768w, https:\/\/josephine-boger.de\/wp-content\/uploads\/2024\/02\/DSCF8801-1536x1024.jpg 1536w, https:\/\/josephine-boger.de\/wp-content\/uploads\/2024\/02\/DSCF8801-2048x1365.jpg 2048w, https:\/\/josephine-boger.de\/wp-content\/uploads\/2024\/02\/DSCF8801-18x12.jpg 18w\" sizes=\"(max-width: 2560px) 100vw, 2560px\" \/>\t\t\t\t\t\t\t\t\t\t\t\t\t\t\t<\/div>\n\t\t\t\t<\/div>\n\t\t\t\t<div class=\"elementor-element elementor-element-2591e0f elementor-widget elementor-widget-heading\" data-id=\"2591e0f\" data-element_type=\"widget\" data-e-type=\"widget\" data-widget_type=\"heading.default\">\n\t\t\t\t<div class=\"elementor-widget-container\">\n\t\t\t\t\t<h2 class=\"elementor-heading-title elementor-size-default\">Ausstellungsansicht Infos\u00e4ule Hauptbahnhof Stuttgart<\/h2>\t\t\t\t<\/div>\n\t\t\t\t<\/div>\n\t\t\t\t\t<\/div>\n\t\t<\/div>\n\t\t\t\t\t<\/div>\n\t\t<\/section>\n\t\t\t\t<\/div>","protected":false},"excerpt":{"rendered":"<p>HEM-TILL-HEM LEDEN (2023) In einem \u00fcberaus mobilen Zeitalter wie des jetzigen, in dem Strecken innerhalb eines Wimpernschlags zur\u00fcckgelegt werden k\u00f6nnen und in dem Heimat nicht mehr nur einer, sondern eine Vielzahl an Orten zugleich bedeuten kann, f\u00fchlt sich der privilegierte Erste-Welt-Mensch so verloren wie nie zuvor. Statistisch gesehen nehmen Einsamkeit und Depression in unserer Wohlstandsgesellschaft [&hellip;]<\/p>\n","protected":false},"author":1,"featured_media":0,"parent":0,"menu_order":0,"comment_status":"closed","ping_status":"closed","template":"","meta":{"footnotes":""},"class_list":["post-1288","page","type-page","status-publish","hentry"],"_links":{"self":[{"href":"https:\/\/josephine-boger.de\/en\/wp-json\/wp\/v2\/pages\/1288","targetHints":{"allow":["GET"]}}],"collection":[{"href":"https:\/\/josephine-boger.de\/en\/wp-json\/wp\/v2\/pages"}],"about":[{"href":"https:\/\/josephine-boger.de\/en\/wp-json\/wp\/v2\/types\/page"}],"author":[{"embeddable":true,"href":"https:\/\/josephine-boger.de\/en\/wp-json\/wp\/v2\/users\/1"}],"replies":[{"embeddable":true,"href":"https:\/\/josephine-boger.de\/en\/wp-json\/wp\/v2\/comments?post=1288"}],"version-history":[{"count":3,"href":"https:\/\/josephine-boger.de\/en\/wp-json\/wp\/v2\/pages\/1288\/revisions"}],"predecessor-version":[{"id":1297,"href":"https:\/\/josephine-boger.de\/en\/wp-json\/wp\/v2\/pages\/1288\/revisions\/1297"}],"wp:attachment":[{"href":"https:\/\/josephine-boger.de\/en\/wp-json\/wp\/v2\/media?parent=1288"}],"curies":[{"name":"wp","href":"https:\/\/api.w.org\/{rel}","templated":true}]}}